{"id":4580,"date":"2021-08-23T12:05:45","date_gmt":"2021-08-23T12:05:45","guid":{"rendered":"https:\/\/www.colosseo-zermatt.ch\/buchen\/"},"modified":"2025-02-11T17:00:50","modified_gmt":"2025-02-11T17:00:50","slug":"reserver","status":"publish","type":"page","link":"https:\/\/www.colosseo-zermatt.ch\/fr\/reserver\/","title":{"rendered":"R\u00e9server"},"content":{"rendered":"<p>[et_pb_section fb_built=\u00a0\u00bb1&Prime; _builder_version=\u00a0\u00bb4.16&Prime; _module_preset=\u00a0\u00bbdefault\u00a0\u00bb background_color=\u00a0\u00bbgcid-c9b479e8-75c4-4f48-9a2f-baac7a1c132f\u00a0\u00bb custom_padding=\u00a0\u00bb0px||2px||false|false\u00a0\u00bb global_colors_info=\u00a0\u00bb{%22gcid-c9b479e8-75c4-4f48-9a2f-baac7a1c132f%22:%91%22background_color%22%93}\u00a0\u00bb][et_pb_row _builder_version=\u00a0\u00bb4.16&Prime; _module_preset=\u00a0\u00bbdefault\u00a0\u00bb background_enable_color=\u00a0\u00bboff\u00a0\u00bb use_background_color_gradient=\u00a0\u00bbon\u00a0\u00bb background_color_gradient_type=\u00a0\u00bbcircular\u00a0\u00bb background_color_gradient_stops=\u00a0\u00bbrgba(0,0,0,0.4) 54%|rgba(0,0,0,0.91) 100%\u00a0\u00bb background_color_gradient_start=\u00a0\u00bbrgba(0,0,0,0.4)\u00a0\u00bb background_color_gradient_start_position=\u00a0\u00bb54%\u00a0\u00bb background_color_gradient_end=\u00a0\u00bbrgba(0,0,0,0.91)\u00a0\u00bb background_image=\u00a0\u00bbhttps:\/\/www.colosseo-zermatt.ch\/wp-content\/uploads\/2021\/09\/Colosseo-Appartements-Zermatt-Matterhorn.jpg\u00a0\u00bb background_position=\u00a0\u00bbtop_center\u00a0\u00bb background_blend=\u00a0\u00bbmultiply\u00a0\u00bb width=\u00a0\u00bb100%\u00a0\u00bb max_width=\u00a0\u00bb100%\u00a0\u00bb custom_padding=\u00a0\u00bb12%|10%|12%|10%|true|false\u00a0\u00bb border_color_all=\u00a0\u00bb#EDF000&Prime; global_colors_info=\u00a0\u00bb{}\u00a0\u00bb][et_pb_column type=\u00a0\u00bb4_4&Prime; _builder_version=\u00a0\u00bb4.16&Prime; _module_preset=\u00a0\u00bbdefault\u00a0\u00bb pac_dcm_carousel_specific_module_num=\u00a0\u00bb0&Prime; global_colors_info=\u00a0\u00bb{}\u00a0\u00bb][et_pb_text _builder_version=\u00a0\u00bb4.16&Prime; _module_preset=\u00a0\u00bbdefault\u00a0\u00bb text_font=\u00a0\u00bbPlayfair Display||||||||\u00a0\u00bb text_text_color=\u00a0\u00bb#FFFFFF\u00a0\u00bb text_font_size=\u00a0\u00bb50px\u00a0\u00bb text_line_height=\u00a0\u00bb80px\u00a0\u00bb text_orientation=\u00a0\u00bbcenter\u00a0\u00bb max_width=\u00a0\u00bb1350px\u00a0\u00bb module_alignment=\u00a0\u00bbcenter\u00a0\u00bb animation_style=\u00a0\u00bbslide\u00a0\u00bb animation_direction=\u00a0\u00bbbottom\u00a0\u00bb animation_duration=\u00a0\u00bb1500ms\u00a0\u00bb animation_delay=\u00a0\u00bb500ms\u00a0\u00bb animation_intensity_slide=\u00a0\u00bb6%\u00a0\u00bb global_colors_info=\u00a0\u00bb{}\u00a0\u00bb]<\/p>\n<h3>Village Appartement Suites avec<br \/>vue imprenable sur le Cervin.<\/h3>\n<p>[\/et_pb_text][\/et_pb_column][\/et_pb_row][et_pb_row _builder_version=\u00a0\u00bb4.16&Prime; _module_preset=\u00a0\u00bbdefault\u00a0\u00bb positioning=\u00a0\u00bbabsolute\u00a0\u00bb position_origin_a=\u00a0\u00bbbottom_center\u00a0\u00bb vertical_offset=\u00a0\u00bb-77px\u00a0\u00bb z_index=\u00a0\u00bb100&Prime; global_colors_info=\u00a0\u00bb{}\u00a0\u00bb][et_pb_column type=\u00a0\u00bb4_4&Prime; _builder_version=\u00a0\u00bb4.16&Prime; _module_preset=\u00a0\u00bbdefault\u00a0\u00bb pac_dcm_carousel_specific_module_num=\u00a0\u00bb0&Prime; global_colors_info=\u00a0\u00bb{}\u00a0\u00bb][et_pb_image src=\u00a0\u00bbhttps:\/\/www.colosseo-zermatt.ch\/wp-content\/uploads\/2021\/08\/line.svg\u00a0\u00bb title_text=\u00a0\u00bbline\u00a0\u00bb align=\u00a0\u00bbcenter\u00a0\u00bb _builder_version=\u00a0\u00bb4.16&Prime; _module_preset=\u00a0\u00bbdefault\u00a0\u00bb animation_style=\u00a0\u00bbslide\u00a0\u00bb animation_direction=\u00a0\u00bbbottom\u00a0\u00bb animation_duration=\u00a0\u00bb2000ms\u00a0\u00bb animation_intensity_slide=\u00a0\u00bb15%\u00a0\u00bb global_colors_info=\u00a0\u00bb{}\u00a0\u00bb][\/et_pb_image][\/et_pb_column][\/et_pb_row][\/et_pb_section][et_pb_section fb_built=\u00a0\u00bb1&Prime; module_id=\u00a0\u00bbintro\u00a0\u00bb _builder_version=\u00a0\u00bb4.16&Prime; _module_preset=\u00a0\u00bbdefault\u00a0\u00bb background_color=\u00a0\u00bb#1a1a1a\u00a0\u00bb custom_padding=\u00a0\u00bb170px||180px||false|false\u00a0\u00bb global_colors_info=\u00a0\u00bb{}\u00a0\u00bb][et_pb_row _builder_version=\u00a0\u00bb4.16&Prime; _module_preset=\u00a0\u00bbdefault\u00a0\u00bb custom_padding=\u00a0\u00bb0px|0px|0px|0px|false|true\u00a0\u00bb global_colors_info=\u00a0\u00bb{}\u00a0\u00bb][et_pb_column type=\u00a0\u00bb4_4&Prime; _builder_version=\u00a0\u00bb4.16&Prime; _module_preset=\u00a0\u00bbdefault\u00a0\u00bb pac_dcm_carousel_specific_module_num=\u00a0\u00bb0&Prime; global_colors_info=\u00a0\u00bb{}\u00a0\u00bb][et_pb_text module_class=\u00a0\u00bbsubtitle\u00a0\u00bb _builder_version=\u00a0\u00bb4.20.2&Prime; _module_preset=\u00a0\u00bbdefault\u00a0\u00bb text_font=\u00a0\u00bb|300|||||||\u00a0\u00bb text_text_color=\u00a0\u00bb#FFFFFF\u00a0\u00bb text_font_size=\u00a0\u00bb25px\u00a0\u00bb text_line_height=\u00a0\u00bb42px\u00a0\u00bb header_text_color=\u00a0\u00bb#FFFFFF\u00a0\u00bb header_font_size=\u00a0\u00bb60px\u00a0\u00bb header_line_height=\u00a0\u00bb90px\u00a0\u00bb header_6_font=\u00a0\u00bb||||||||\u00a0\u00bb header_6_text_color=\u00a0\u00bb#FFFFFF\u00a0\u00bb text_orientation=\u00a0\u00bbcenter\u00a0\u00bb custom_margin=\u00a0\u00bb||22px|||\u00a0\u00bb animation_style=\u00a0\u00bbslide\u00a0\u00bb animation_direction=\u00a0\u00bbbottom\u00a0\u00bb animation_duration=\u00a0\u00bb2000ms\u00a0\u00bb animation_intensity_slide=\u00a0\u00bb12%\u00a0\u00bb global_colors_info=\u00a0\u00bb{}\u00a0\u00bb]<\/p>\n<p>R\u00e9server en ligne<\/p>\n<p>[\/et_pb_text][et_pb_text _builder_version=\u00a0\u00bb4.16&Prime; _module_preset=\u00a0\u00bbdefault\u00a0\u00bb text_font=\u00a0\u00bb|300|||||||\u00a0\u00bb text_text_color=\u00a0\u00bb#FFFFFF\u00a0\u00bb text_font_size=\u00a0\u00bb25px\u00a0\u00bb text_line_height=\u00a0\u00bb42px\u00a0\u00bb header_text_color=\u00a0\u00bb#FFFFFF\u00a0\u00bb text_orientation=\u00a0\u00bbcenter\u00a0\u00bb custom_margin=\u00a0\u00bb||40px|||\u00a0\u00bb global_colors_info=\u00a0\u00bb{}\u00a0\u00bb]<\/p>\n<h1>R\u00e9server un appartement de luxe \u00e0 Zermatt<\/h1>\n<p>[\/et_pb_text][\/et_pb_column][\/et_pb_row][et_pb_row custom_padding_last_edited=\u00a0\u00bbon|tablet\u00a0\u00bb _builder_version=\u00a0\u00bb4.16&Prime; _module_preset=\u00a0\u00bbdefault\u00a0\u00bb custom_padding=\u00a0\u00bb0px|112px|0px|112px|false|true\u00a0\u00bb custom_padding_tablet=\u00a0\u00bb|0px||0px|false|true\u00a0\u00bb custom_padding_phone=\u00a0\u00bb\u00a0\u00bb global_colors_info=\u00a0\u00bb{}\u00a0\u00bb][et_pb_column type=\u00a0\u00bb4_4&Prime; _builder_version=\u00a0\u00bb4.16&Prime; _module_preset=\u00a0\u00bbdefault\u00a0\u00bb pac_dcm_carousel_specific_module_num=\u00a0\u00bb0&Prime; global_colors_info=\u00a0\u00bb{}\u00a0\u00bb][et_pb_text _builder_version=\u00a0\u00bb4.16&Prime; _module_preset=\u00a0\u00bbdefault\u00a0\u00bb text_font=\u00a0\u00bb|300|||||||\u00a0\u00bb text_text_color=\u00a0\u00bb#FFFFFF\u00a0\u00bb text_font_size=\u00a0\u00bb25px\u00a0\u00bb text_line_height=\u00a0\u00bb42px\u00a0\u00bb text_orientation=\u00a0\u00bbcenter\u00a0\u00bb custom_margin=\u00a0\u00bb||120px|||\u00a0\u00bb custom_padding=\u00a0\u00bb||||false|true\u00a0\u00bb global_colors_info=\u00a0\u00bb{}\u00a0\u00bb]<\/p>\n<p>R\u00e9servez vos vacances dans la R\u00e9sidence de luxe Colosseo \u00e0 Zermatt. Chez nous, garanti au meilleur prix. Nous nous r\u00e9jouissons de vous accueillir bient\u00f4t \u00e0 Zermatt.<\/p>\n<p>[\/et_pb_text][\/et_pb_column][\/et_pb_row][et_pb_row _builder_version=\u00a0\u00bb4.16&Prime; _module_preset=\u00a0\u00bbdefault\u00a0\u00bb custom_padding=\u00a0\u00bb0px|0px|0px|0px|false|true\u00a0\u00bb global_colors_info=\u00a0\u00bb{}\u00a0\u00bb][et_pb_column type=\u00a0\u00bb4_4&Prime; _builder_version=\u00a0\u00bb4.16&Prime; _module_preset=\u00a0\u00bbdefault\u00a0\u00bb pac_dcm_carousel_specific_module_num=\u00a0\u00bb0&Prime; global_colors_info=\u00a0\u00bb{}\u00a0\u00bb][et_pb_code module_class=\u00a0\u00bbbookappartments\u00a0\u00bb _builder_version=\u00a0\u00bb4.24.2&Prime; _module_preset=\u00a0\u00bbdefault\u00a0\u00bb custom_padding=\u00a0\u00bb||120px||false|false\u00a0\u00bb global_colors_info=\u00a0\u00bb{}\u00a0\u00bb]<script src=\"https:\/\/hotels.cloudbeds.com\/widget\/load\/5JRYyD\/overlay\"><\/script>[\/et_pb_code][\/et_pb_column][\/et_pb_row][\/et_pb_section][et_pb_section fb_built=\u00a0\u00bb1&Prime; custom_padding_last_edited=\u00a0\u00bbon|phone\u00a0\u00bb _builder_version=\u00a0\u00bb4.16&Prime; _module_preset=\u00a0\u00bbdefault\u00a0\u00bb background_color=\u00a0\u00bb#1a1a1a\u00a0\u00bb custom_padding=\u00a0\u00bb69px||98px|||\u00a0\u00bb custom_padding_tablet=\u00a0\u00bb\u00a0\u00bb custom_padding_phone=\u00a0\u00bb130px||30px||false|false\u00a0\u00bb global_colors_info=\u00a0\u00bb{}\u00a0\u00bb][et_pb_row column_structure=\u00a0\u00bb1_2,1_2&Prime; _builder_version=\u00a0\u00bb4.16&Prime; _module_preset=\u00a0\u00bbdefault\u00a0\u00bb global_colors_info=\u00a0\u00bb{}\u00a0\u00bb][et_pb_column type=\u00a0\u00bb1_2&Prime; _builder_version=\u00a0\u00bb4.16&Prime; _module_preset=\u00a0\u00bbdefault\u00a0\u00bb pac_dcm_carousel_specific_module_num=\u00a0\u00bb0&Prime; global_colors_info=\u00a0\u00bb{}\u00a0\u00bb][et_pb_text module_class=\u00a0\u00bbsubtitle\u00a0\u00bb _builder_version=\u00a0\u00bb4.16&Prime; _module_preset=\u00a0\u00bbdefault\u00a0\u00bb text_font=\u00a0\u00bb|300|||||||\u00a0\u00bb text_text_color=\u00a0\u00bb#FFFFFF\u00a0\u00bb text_font_size=\u00a0\u00bb25px\u00a0\u00bb text_line_height=\u00a0\u00bb42px\u00a0\u00bb header_text_color=\u00a0\u00bb#FFFFFF\u00a0\u00bb header_font_size=\u00a0\u00bb60px\u00a0\u00bb header_line_height=\u00a0\u00bb90px\u00a0\u00bb header_6_font=\u00a0\u00bb||||||||\u00a0\u00bb header_6_text_color=\u00a0\u00bb#FFFFFF\u00a0\u00bb custom_margin=\u00a0\u00bb||50px|60px|false|false\u00a0\u00bb global_colors_info=\u00a0\u00bb{}\u00a0\u00bb]<\/p>\n<p>M\u00e9dias sociaux<\/p>\n<p>[\/et_pb_text][et_pb_text _builder_version=\u00a0\u00bb4.16&Prime; _module_preset=\u00a0\u00bbdefault\u00a0\u00bb header_2_text_color=\u00a0\u00bb#FFFFFF\u00a0\u00bb header_2_font_size=\u00a0\u00bb50px\u00a0\u00bb custom_margin=\u00a0\u00bb||32px|||\u00a0\u00bb header_2_font_size_tablet=\u00a0\u00bb\u00a0\u00bb header_2_font_size_phone=\u00a0\u00bb35px\u00a0\u00bb header_2_font_size_last_edited=\u00a0\u00bbon|phone\u00a0\u00bb global_colors_info=\u00a0\u00bb{}\u00a0\u00bb]<\/p>\n<h2>Se connecter<\/h2>\n<p>[\/et_pb_text][et_pb_text module_class=\u00a0\u00bbfootertags\u00a0\u00bb _builder_version=\u00a0\u00bb4.16&Prime; _module_preset=\u00a0\u00bbdefault\u00a0\u00bb text_font=\u00a0\u00bbPlayfair Display|300|on||||||\u00a0\u00bb text_text_color=\u00a0\u00bb#FFFFFF\u00a0\u00bb text_font_size=\u00a0\u00bb30px\u00a0\u00bb text_line_height=\u00a0\u00bb40px\u00a0\u00bb text_font_size_tablet=\u00a0\u00bb\u00a0\u00bb text_font_size_phone=\u00a0\u00bb20px\u00a0\u00bb text_font_size_last_edited=\u00a0\u00bbon|phone\u00a0\u00bb global_colors_info=\u00a0\u00bb{}\u00a0\u00bb]<\/p>\n<p>#colosseozermatt, #aventure #unique<\/p>\n<p>[\/et_pb_text][\/et_pb_column][et_pb_column type=\u00a0\u00bb1_2&Prime; _builder_version=\u00a0\u00bb4.16&Prime; _module_preset=\u00a0\u00bbdefault\u00a0\u00bb pac_dcm_carousel_specific_module_num=\u00a0\u00bb0&Prime; global_colors_info=\u00a0\u00bb{}\u00a0\u00bb][et_pb_code _builder_version=\u00a0\u00bb4.27.0&Prime; _module_preset=\u00a0\u00bbdefault\u00a0\u00bb text_orientation=\u00a0\u00bbright\u00a0\u00bb animation_style=\u00a0\u00bbslide\u00a0\u00bb animation_direction=\u00a0\u00bbbottom\u00a0\u00bb animation_duration=\u00a0\u00bb1500ms\u00a0\u00bb animation_intensity_slide=\u00a0\u00bb6%\u00a0\u00bb text_orientation_tablet=\u00a0\u00bbleft\u00a0\u00bb text_orientation_phone=\u00a0\u00bbleft\u00a0\u00bb text_orientation_last_edited=\u00a0\u00bbon|tablet\u00a0\u00bb global_colors_info=\u00a0\u00bb{}\u00a0\u00bb]<\/p>\n<div class=\"button-list\"><!-- [et_pb_line_break_holder] -->  <a href=\"https:\/\/www.instagram.com\/luxury_residence_colosseo\/\" target=\"_Blank\" rel=\"noopener\"><!-- [et_pb_line_break_holder] -->  <\/p>\n<div class=\"social-button\"><!-- [et_pb_line_break_holder] -->    <pee><!-- [et_pb_line_break_holder] -->      Instagram<!-- [et_pb_line_break_holder] -->    <\/pee><!-- [et_pb_line_break_holder] --><img decoding=\"async\" src=\"https:\/\/www.colosseo-zermatt.ch\/wp-content\/uploads\/2021\/08\/instagram-icon.svg\" class=\"social-button-icon\">  <\/div>\n<p><!-- [et_pb_line_break_holder] -->    <\/a><!-- [et_pb_line_break_holder] -->  <a href=\"https:\/\/www.facebook.com\/profile.php?id=100074383933927\" target=\"_Blank\" rel=\"noopener\"><!-- [et_pb_line_break_holder] -->  <\/p>\n<div class=\"social-button\"><!-- [et_pb_line_break_holder] -->    <pee><!-- [et_pb_line_break_holder] -->      Facebook<!-- [et_pb_line_break_holder] -->    <\/pee><!-- [et_pb_line_break_holder] --><img decoding=\"async\" src=\"https:\/\/www.colosseo-zermatt.ch\/wp-content\/uploads\/2021\/08\/facebook-icon.svg\" class=\"social-button-icon\">  <\/div>\n<p><!-- [et_pb_line_break_holder] -->  <\/a><!-- [et_pb_line_break_holder] --><\/div>\n<p>[\/et_pb_code][\/et_pb_column][\/et_pb_row][et_pb_row _builder_version=\u00a0\u00bb4.16&Prime; _module_preset=\u00a0\u00bbdefault\u00a0\u00bb positioning=\u00a0\u00bbabsolute\u00a0\u00bb position_origin_a=\u00a0\u00bbtop_center\u00a0\u00bb vertical_offset=\u00a0\u00bb-71px\u00a0\u00bb z_index=\u00a0\u00bb135&Prime; global_colors_info=\u00a0\u00bb{}\u00a0\u00bb][et_pb_column type=\u00a0\u00bb4_4&Prime; _builder_version=\u00a0\u00bb4.16&Prime; _module_preset=\u00a0\u00bbdefault\u00a0\u00bb pac_dcm_carousel_specific_module_num=\u00a0\u00bb0&Prime; global_colors_info=\u00a0\u00bb{}\u00a0\u00bb][et_pb_image src=\u00a0\u00bbhttps:\/\/www.colosseo-zermatt.ch\/wp-content\/uploads\/2021\/08\/line.svg\u00a0\u00bb title_text=\u00a0\u00bbline\u00a0\u00bb align=\u00a0\u00bbcenter\u00a0\u00bb _builder_version=\u00a0\u00bb4.16&Prime; _module_preset=\u00a0\u00bbdefault\u00a0\u00bb animation_style=\u00a0\u00bbslide\u00a0\u00bb animation_direction=\u00a0\u00bbbottom\u00a0\u00bb animation_duration=\u00a0\u00bb2000ms\u00a0\u00bb animation_intensity_slide=\u00a0\u00bb15%\u00a0\u00bb global_colors_info=\u00a0\u00bb{}\u00a0\u00bb][\/et_pb_image][\/et_pb_column][\/et_pb_row][et_pb_row module_class=\u00a0\u00bbbackground-pattern\u00a0\u00bb _builder_version=\u00a0\u00bb4.16&Prime; _module_preset=\u00a0\u00bbdefault\u00a0\u00bb background_image=\u00a0\u00bbhttps:\/\/www.colosseo-zermatt.ch\/wp-content\/uploads\/2021\/08\/hintergrund.png\u00a0\u00bb positioning=\u00a0\u00bbabsolute\u00a0\u00bb position_origin_a=\u00a0\u00bbtop_center\u00a0\u00bb width=\u00a0\u00bb90%\u00a0\u00bb max_width=\u00a0\u00bb90%\u00a0\u00bb min_height=\u00a0\u00bb100%\u00a0\u00bb global_colors_info=\u00a0\u00bb{}\u00a0\u00bb][et_pb_column type=\u00a0\u00bb4_4&Prime; _builder_version=\u00a0\u00bb4.16&Prime; _module_preset=\u00a0\u00bbdefault\u00a0\u00bb pac_dcm_carousel_specific_module_num=\u00a0\u00bb0&Prime; global_colors_info=\u00a0\u00bb{}\u00a0\u00bb][\/et_pb_column][\/et_pb_row][\/et_pb_section]<\/p>\n","protected":false},"excerpt":{"rendered":"<p>Village Appartement Suites avecvue imprenable sur le Cervin.R\u00e9server en ligneR\u00e9server un appartement de luxe \u00e0 ZermattR\u00e9servez vos vacances dans la R\u00e9sidence de luxe Colosseo \u00e0 Zermatt. Chez nous, garanti au meilleur prix. Nous nous r\u00e9jouissons de vous accueillir bient\u00f4t \u00e0 Zermatt.M\u00e9dias sociauxSe connecter#colosseozermatt, #aventure #unique<\/p>\n","protected":false},"author":4,"featured_media":0,"parent":0,"menu_order":0,"comment_status":"closed","ping_status":"closed","template":"","meta":{"_acf_changed":false,"_et_pb_use_builder":"on","_et_pb_old_content":"<!-- wp:divi\/placeholder \/-->","_et_gb_content_width":"","footnotes":""},"class_list":["post-4580","page","type-page","status-publish","hentry"],"acf":[],"yoast_head":"<!-- This site is optimized with the Yoast SEO plugin v27.3 - https:\/\/yoast.com\/product\/yoast-seo-wordpress\/ -->\n<title>R\u00e9server - Luxury Residence Colosseo Zermatt<\/title>\n<meta name=\"robots\" content=\"index, follow, max-snippet:-1, max-image-preview:large, max-video-preview:-1\" \/>\n<link rel=\"canonical\" href=\"https:\/\/www.colosseo-zermatt.ch\/fr\/reserver\/\" \/>\n<meta property=\"og:locale\" content=\"fr_FR\" \/>\n<meta property=\"og:type\" content=\"article\" \/>\n<meta property=\"og:title\" content=\"R\u00e9server - Luxury Residence Colosseo Zermatt\" \/>\n<meta property=\"og:description\" content=\"Village Appartement Suites avecvue imprenable sur le Cervin.R\u00e9server en ligneR\u00e9server un appartement de luxe \u00e0 ZermattR\u00e9servez vos vacances dans la R\u00e9sidence de luxe Colosseo \u00e0 Zermatt. Chez nous, garanti au meilleur prix. Nous nous r\u00e9jouissons de vous accueillir bient\u00f4t \u00e0 Zermatt.M\u00e9dias sociauxSe connecter#colosseozermatt, #aventure #unique\" \/>\n<meta property=\"og:url\" content=\"https:\/\/www.colosseo-zermatt.ch\/fr\/reserver\/\" \/>\n<meta property=\"og:site_name\" content=\"Luxury Residence Colosseo Zermatt\" \/>\n<meta property=\"article:modified_time\" content=\"2025-02-11T17:00:50+00:00\" \/>\n<meta property=\"og:image\" content=\"https:\/\/www.colosseo-zermatt.ch\/wp-content\/uploads\/2021\/08\/instagram-icon.svg\" \/>\n<meta name=\"twitter:card\" content=\"summary_large_image\" \/>\n<meta name=\"twitter:label1\" content=\"Dur\u00e9e de lecture estim\u00e9e\" \/>\n\t<meta name=\"twitter:data1\" content=\"2 minutes\" \/>\n<script type=\"application\/ld+json\" class=\"yoast-schema-graph\">{\"@context\":\"https:\\\/\\\/schema.org\",\"@graph\":[{\"@type\":\"WebPage\",\"@id\":\"https:\\\/\\\/www.colosseo-zermatt.ch\\\/fr\\\/reserver\\\/\",\"url\":\"https:\\\/\\\/www.colosseo-zermatt.ch\\\/fr\\\/reserver\\\/\",\"name\":\"R\u00e9server - Luxury Residence Colosseo Zermatt\",\"isPartOf\":{\"@id\":\"https:\\\/\\\/www.colosseo-zermatt.ch\\\/#website\"},\"primaryImageOfPage\":{\"@id\":\"https:\\\/\\\/www.colosseo-zermatt.ch\\\/fr\\\/reserver\\\/#primaryimage\"},\"image\":{\"@id\":\"https:\\\/\\\/www.colosseo-zermatt.ch\\\/fr\\\/reserver\\\/#primaryimage\"},\"thumbnailUrl\":\"https:\\\/\\\/www.colosseo-zermatt.ch\\\/wp-content\\\/uploads\\\/2021\\\/08\\\/instagram-icon.svg\",\"datePublished\":\"2021-08-23T12:05:45+00:00\",\"dateModified\":\"2025-02-11T17:00:50+00:00\",\"breadcrumb\":{\"@id\":\"https:\\\/\\\/www.colosseo-zermatt.ch\\\/fr\\\/reserver\\\/#breadcrumb\"},\"inLanguage\":\"fr-FR\",\"potentialAction\":[{\"@type\":\"ReadAction\",\"target\":[\"https:\\\/\\\/www.colosseo-zermatt.ch\\\/fr\\\/reserver\\\/\"]}]},{\"@type\":\"ImageObject\",\"inLanguage\":\"fr-FR\",\"@id\":\"https:\\\/\\\/www.colosseo-zermatt.ch\\\/fr\\\/reserver\\\/#primaryimage\",\"url\":\"https:\\\/\\\/www.colosseo-zermatt.ch\\\/wp-content\\\/uploads\\\/2021\\\/08\\\/instagram-icon.svg\",\"contentUrl\":\"https:\\\/\\\/www.colosseo-zermatt.ch\\\/wp-content\\\/uploads\\\/2021\\\/08\\\/instagram-icon.svg\"},{\"@type\":\"BreadcrumbList\",\"@id\":\"https:\\\/\\\/www.colosseo-zermatt.ch\\\/fr\\\/reserver\\\/#breadcrumb\",\"itemListElement\":[{\"@type\":\"ListItem\",\"position\":1,\"name\":\"Startseite\",\"item\":\"https:\\\/\\\/www.colosseo-zermatt.ch\\\/\"},{\"@type\":\"ListItem\",\"position\":2,\"name\":\"R\u00e9server\"}]},{\"@type\":\"WebSite\",\"@id\":\"https:\\\/\\\/www.colosseo-zermatt.ch\\\/#website\",\"url\":\"https:\\\/\\\/www.colosseo-zermatt.ch\\\/\",\"name\":\"Luxury Residence Colosseo Zermatt\",\"description\":\"Luxus Apartements in Zermatt\",\"potentialAction\":[{\"@type\":\"SearchAction\",\"target\":{\"@type\":\"EntryPoint\",\"urlTemplate\":\"https:\\\/\\\/www.colosseo-zermatt.ch\\\/?s={search_term_string}\"},\"query-input\":{\"@type\":\"PropertyValueSpecification\",\"valueRequired\":true,\"valueName\":\"search_term_string\"}}],\"inLanguage\":\"fr-FR\"}]}<\/script>\n<!-- \/ Yoast SEO plugin. -->","yoast_head_json":{"title":"R\u00e9server - Luxury Residence Colosseo Zermatt","robots":{"index":"index","follow":"follow","max-snippet":"max-snippet:-1","max-image-preview":"max-image-preview:large","max-video-preview":"max-video-preview:-1"},"canonical":"https:\/\/www.colosseo-zermatt.ch\/fr\/reserver\/","og_locale":"fr_FR","og_type":"article","og_title":"R\u00e9server - Luxury Residence Colosseo Zermatt","og_description":"Village Appartement Suites avecvue imprenable sur le Cervin.R\u00e9server en ligneR\u00e9server un appartement de luxe \u00e0 ZermattR\u00e9servez vos vacances dans la R\u00e9sidence de luxe Colosseo \u00e0 Zermatt. Chez nous, garanti au meilleur prix. Nous nous r\u00e9jouissons de vous accueillir bient\u00f4t \u00e0 Zermatt.M\u00e9dias sociauxSe connecter#colosseozermatt, #aventure #unique","og_url":"https:\/\/www.colosseo-zermatt.ch\/fr\/reserver\/","og_site_name":"Luxury Residence Colosseo Zermatt","article_modified_time":"2025-02-11T17:00:50+00:00","og_image":[{"url":"https:\/\/www.colosseo-zermatt.ch\/wp-content\/uploads\/2021\/08\/instagram-icon.svg","type":"","width":"","height":""}],"twitter_card":"summary_large_image","twitter_misc":{"Dur\u00e9e de lecture estim\u00e9e":"2 minutes"},"schema":{"@context":"https:\/\/schema.org","@graph":[{"@type":"WebPage","@id":"https:\/\/www.colosseo-zermatt.ch\/fr\/reserver\/","url":"https:\/\/www.colosseo-zermatt.ch\/fr\/reserver\/","name":"R\u00e9server - Luxury Residence Colosseo Zermatt","isPartOf":{"@id":"https:\/\/www.colosseo-zermatt.ch\/#website"},"primaryImageOfPage":{"@id":"https:\/\/www.colosseo-zermatt.ch\/fr\/reserver\/#primaryimage"},"image":{"@id":"https:\/\/www.colosseo-zermatt.ch\/fr\/reserver\/#primaryimage"},"thumbnailUrl":"https:\/\/www.colosseo-zermatt.ch\/wp-content\/uploads\/2021\/08\/instagram-icon.svg","datePublished":"2021-08-23T12:05:45+00:00","dateModified":"2025-02-11T17:00:50+00:00","breadcrumb":{"@id":"https:\/\/www.colosseo-zermatt.ch\/fr\/reserver\/#breadcrumb"},"inLanguage":"fr-FR","potentialAction":[{"@type":"ReadAction","target":["https:\/\/www.colosseo-zermatt.ch\/fr\/reserver\/"]}]},{"@type":"ImageObject","inLanguage":"fr-FR","@id":"https:\/\/www.colosseo-zermatt.ch\/fr\/reserver\/#primaryimage","url":"https:\/\/www.colosseo-zermatt.ch\/wp-content\/uploads\/2021\/08\/instagram-icon.svg","contentUrl":"https:\/\/www.colosseo-zermatt.ch\/wp-content\/uploads\/2021\/08\/instagram-icon.svg"},{"@type":"BreadcrumbList","@id":"https:\/\/www.colosseo-zermatt.ch\/fr\/reserver\/#breadcrumb","itemListElement":[{"@type":"ListItem","position":1,"name":"Startseite","item":"https:\/\/www.colosseo-zermatt.ch\/"},{"@type":"ListItem","position":2,"name":"R\u00e9server"}]},{"@type":"WebSite","@id":"https:\/\/www.colosseo-zermatt.ch\/#website","url":"https:\/\/www.colosseo-zermatt.ch\/","name":"Luxury Residence Colosseo Zermatt","description":"Luxus Apartements in Zermatt","potentialAction":[{"@type":"SearchAction","target":{"@type":"EntryPoint","urlTemplate":"https:\/\/www.colosseo-zermatt.ch\/?s={search_term_string}"},"query-input":{"@type":"PropertyValueSpecification","valueRequired":true,"valueName":"search_term_string"}}],"inLanguage":"fr-FR"}]}},"_links":{"self":[{"href":"https:\/\/www.colosseo-zermatt.ch\/fr\/wp-json\/wp\/v2\/pages\/4580","targetHints":{"allow":["GET"]}}],"collection":[{"href":"https:\/\/www.colosseo-zermatt.ch\/fr\/wp-json\/wp\/v2\/pages"}],"about":[{"href":"https:\/\/www.colosseo-zermatt.ch\/fr\/wp-json\/wp\/v2\/types\/page"}],"author":[{"embeddable":true,"href":"https:\/\/www.colosseo-zermatt.ch\/fr\/wp-json\/wp\/v2\/users\/4"}],"replies":[{"embeddable":true,"href":"https:\/\/www.colosseo-zermatt.ch\/fr\/wp-json\/wp\/v2\/comments?post=4580"}],"version-history":[{"count":5,"href":"https:\/\/www.colosseo-zermatt.ch\/fr\/wp-json\/wp\/v2\/pages\/4580\/revisions"}],"predecessor-version":[{"id":5193,"href":"https:\/\/www.colosseo-zermatt.ch\/fr\/wp-json\/wp\/v2\/pages\/4580\/revisions\/5193"}],"wp:attachment":[{"href":"https:\/\/www.colosseo-zermatt.ch\/fr\/wp-json\/wp\/v2\/media?parent=4580"}],"curies":[{"name":"wp","href":"https:\/\/api.w.org\/{rel}","templated":true}]}}